{"id":7602,"date":"2021-03-04T18:12:12","date_gmt":"2021-03-04T18:12:12","guid":{"rendered":"https:\/\/agnieszkaroznowska.com\/o-mnie-copy\/"},"modified":"2021-06-27T19:06:35","modified_gmt":"2021-06-27T19:06:35","slug":"about-me","status":"publish","type":"page","link":"https:\/\/agnieszkaroznowska.com\/en\/about-me\/","title":{"rendered":"about me"},"content":{"rendered":"<p>[vc_row][vc_column][vc_empty_space height=&#8221;60px&#8221;][\/vc_column][\/vc_row][vc_row css=&#8221;.vc_custom_1614070412888{border-bottom-width: 50px !important;padding-top: 50px !important;}&#8221;][vc_column width=&#8221;4\/5&#8243;][vc_column_text]<\/p>\n<h3><strong>Agnieszka Ro\u017cnowska she is an independent visual artist, graphic designer, educator, professor at the Academy of Fine Arts.<\/strong><\/h3>\n<p>[\/vc_column_text][vc_column_text][\/vc_column_text][\/vc_column][\/vc_row][vc_row][vc_column][vc_empty_space height=&#8221;45px&#8221;][\/vc_column][\/vc_row][vc_row][vc_column width=&#8221;4\/5&#8243;][vc_column_text]<\/p>\n<p style=\"text-align: justify;\">In her work she addresses the issue of interpersonal relations, people\u2019s dependence on space and their in the times of chaos and mass consumption. She usually presents her intellectual reflections in cycles, with no restrictions as to medium or technique. She has held a number of solo and group exhibitions, including international ones.<\/p>\n<p style=\"text-align: justify;\">Since 2010, she has been the head of the Drawing Studio at the Department of Fashion at the Academy of Fine Arts in Warsaw, which is where future designers learn to skillfully use drawing techniques \u2013 an indispensable tool in the process of shaping and formalizing expression, recording the process of thinking and creation. The program covers issues related to visual perception, the drawing craft in its broadest sense, and, in further exploration, its appropriate application in design processes.<\/p>\n<p style=\"text-align: justify;\">Ro\u017cnowska graduated from the Academy of Fine Arts in Pozna\u0144, receiving a diploma with honors in painting in Professor W\u0142. Dudkowiak\u2019s studio. Between 2002 and 2009 she worked with the Institute of Design at the Technical University of Koszalin. She received her doctorate degree at the Academy of Fine Arts in Pozna\u0144 in the artistic field \u2013 fine arts, major \u2013 graphic design (2007). In 2014 she was conferred the postdoctoral degree in the same discipline, majoring in workshop graphic design at the Academy of Fine Arts in Pozna\u0144;<\/p>\n<p style=\"text-align: justify;\">She was awarded the rector\u2019s scholarship at the VSVU in Bratislava (1997\u20131998).<\/p>\n<p style=\"text-align: justify;\">Ro\u017cnowska has held out a number of art workshops related to drawing, including at the Universidad de Granada, Minami -oguni, Ubuyama-mura, ASO in Japan and the Malta Festival in Pozna\u0144 ,Kids Design Space in Wroc\u0142aw, Obecno\u015b\u0107 Galerii Dzia\u0142a\u0144 [Presence of Galeria Dzia\u0142a\u0144] in schools in Warsaw.<\/p>\n<p>[\/vc_column_text][\/vc_column][\/vc_row][vc_row][vc_column][vc_empty_space height=&#8221;60px&#8221;][\/vc_column][\/vc_row]<\/p>\n","protected":false},"excerpt":{"rendered":"<p>[vc_row][vc_column][vc_empty_space height=&#8221;60px&#8221;][\/vc_column][\/vc_row][vc_row css=&#8221;.vc_custom_1614070412888{border-bottom-width: 50px !important;padding-top: 50px !important;}&#8221;][vc_column width=&#8221;4\/5&#8243;][vc_column_text] Agnieszka Ro\u017cnowska she is an independent visual artist, graphic designer, educator, professor at the Academy of Fine Arts. [\/vc_column_text][vc_column_text][\/vc_column_text][\/vc_column][\/vc_row][vc_row][vc_column][vc_empty_space height=&#8221;45px&#8221;][\/vc_column][\/vc_row][vc_row][vc_column width=&#8221;4\/5&#8243;][vc_column_text] In her work she addresses the issue of interpersonal relations, people\u2019s dependence on space and their&#8230;<\/p>\n","protected":false},"author":1,"featured_media":0,"parent":0,"menu_order":3,"comment_status":"closed","ping_status":"closed","template":"","meta":{"footnotes":""},"class_list":["post-7602","page","type-page","status-publish","hentry"],"_links":{"self":[{"href":"https:\/\/agnieszkaroznowska.com\/en\/wp-json\/wp\/v2\/pages\/7602"}],"collection":[{"href":"https:\/\/agnieszkaroznowska.com\/en\/wp-json\/wp\/v2\/pages"}],"about":[{"href":"https:\/\/agnieszkaroznowska.com\/en\/wp-json\/wp\/v2\/types\/page"}],"author":[{"embeddable":true,"href":"https:\/\/agnieszkaroznowska.com\/en\/wp-json\/wp\/v2\/users\/1"}],"replies":[{"embeddable":true,"href":"https:\/\/agnieszkaroznowska.com\/en\/wp-json\/wp\/v2\/comments?post=7602"}],"version-history":[{"count":6,"href":"https:\/\/agnieszkaroznowska.com\/en\/wp-json\/wp\/v2\/pages\/7602\/revisions"}],"predecessor-version":[{"id":7849,"href":"https:\/\/agnieszkaroznowska.com\/en\/wp-json\/wp\/v2\/pages\/7602\/revisions\/7849"}],"wp:attachment":[{"href":"https:\/\/agnieszkaroznowska.com\/en\/wp-json\/wp\/v2\/media?parent=7602"}],"curies":[{"name":"wp","href":"https:\/\/api.w.org\/{rel}","templated":true}]}}