{"id":7683,"date":"2021-04-29T16:16:09","date_gmt":"2021-04-29T16:16:09","guid":{"rendered":"https:\/\/agnieszkaroznowska.com\/wystawy-copy\/"},"modified":"2021-06-27T19:07:30","modified_gmt":"2021-06-27T19:07:30","slug":"exhibitions","status":"publish","type":"page","link":"https:\/\/agnieszkaroznowska.com\/en\/exhibitions\/","title":{"rendered":"exhibitions"},"content":{"rendered":"<p>[vc_row][vc_column][vc_empty_space height=&#8221;60px&#8221;][\/vc_column][\/vc_row][vc_row][vc_column width=&#8221;4\/5&#8243;]<div class=\"edgtf-unordered-list \" ><span style=\"font-weight: 400;\">\u00a0<\/span><\/p>\n<p><b>Selected individual and collective exhibitions:<\/b><\/p>\n<ul>\n<li><b>2020 \u2013 <\/b><span style=\"font-weight: 400;\"><strong>20th International Painting Plein-Air Magic Town Szyd\u0142\u00f3w<\/strong> 2020;<\/span><\/li>\n<li><b>2020 \u2013 A postcard from home in the age of pandemic<\/b><span style=\"font-weight: 400;\">, Academy Salon, Warsaw;<\/span><\/li>\n<li><b>2020 \u2013 Parametric Salon +<\/b><span style=\"font-weight: 400;\">, Academy Salon, Warsaw;<\/span><\/li>\n<li><b>2019\/2020 \u2013 L\u00f6wen und Meerjungfrauen<\/b><span style=\"font-weight: 400;\">, Kustodie, Lipsk, Germany; (catalogue)<\/span><\/li>\n<li><b>2019 \u2013 JikiHitsu. Artist\u2019s Signature. The presence of Japanese tradition in contemporary Polish art<\/b><b><i>,<\/i><\/b> <span style=\"font-weight: 400;\">SARP, Warsaw;<\/span><b>\u00a0<\/b><\/li>\n<li><b>2019 \u2013 JikiHitsu. Artist\u2019s Signature. The presence of Japanese tradition in contemporary Polish art, <\/b><span style=\"font-weight: 400;\">Stara Galeria ZPAF<\/span><\/li>\n<li><b>2019 \u2013 Lions and mermaids \/Sirenen und L\u00f6wen<\/b><span style=\"font-weight: 400;\">, 21 Grams Gallery, Warsaw;<\/span><\/li>\n<li><b>2019 \u2013 Contemporary art in the borderland, <\/b><span style=\"font-weight: 400;\">exhibition accompanying the international conference Architecture and modern art &#8211; creative borderlands,Villa Hendrich, Szklarska Poreba;<\/span><\/li>\n<li><strong>2019 &#8211; Levitas<\/strong>, Art Gallery Wozownia, Toru\u0144<\/li>\n<li><b>2018 \u2013 O!\u015bwiecenie [Enlightment!] \u2013 <\/b><span style=\"font-weight: 400;\">Post-competition exhibition accompanying the scientific symposium 200 years of the Cabinet of Prints &#8211; with history into the future, Cabinet of Prints University of Warsaw Library (BUW), Warsaw;<\/span><\/li>\n<li><b>2018 \u2013 The New Japanism, Bunkasai<\/b><span style=\"font-weight: 400;\">, DK Prom, Warszawa;<\/span><\/li>\n<li><b>2018 \u2013 <\/b><a href=\"http:\/\/www.triennial.cracow.pl\/4227-Immersed_in_Images_%2F_Zanurzeni_w_obrazach_-_Wystawa_G%C5%82%C3%B3wna_MTG_2018.html?i=1&amp;r=1\"><span style=\"font-weight: 400;\">\u00a0Immersed in Images \/ Zanurzeni w obrazach \u2013 MTG 2018<\/span><\/a><span style=\"font-weight: 400;\"> Main exhibition,<\/span> <span style=\"font-weight: 400;\">Bunkier Sztuki<\/span><b>, <\/b><span style=\"font-weight: 400;\">Krak\u00f3w;<\/span><\/li>\n<li><b>2018 \u2013 Meetings<\/b><span style=\"font-weight: 400;\">, Manggha Museum of Japanese Art and Technology, Krak\u00f3w;<\/span><\/li>\n<li><b>2018 \u2013 Artist\u2019s place<\/b><span style=\"font-weight: 400;\">, Kordegarda, Warszawa;<\/span><\/li>\n<li><b>2018 \u2013 Spiska 16<\/b><span style=\"font-weight: 400;\">, Kolegium Edukacji Artystycznej [College of Artistic Education], Prom Gallery, Warsaw;<\/span><\/li>\n<li><b>2018 \u2013 Looking is an act of choice<\/b><span style=\"font-weight: 400;\">. Out of Context, 21 Grams Gallery, DK Kadr, Warsaw;<\/span><\/li>\n<li><b>2017\/2018 \u2013 Out of Context<\/b><span style=\"font-weight: 400;\">, Galeria Centrum MTG, Krak\u00f3w<\/span><\/li>\n<li><b>2017 \u2013 The Eagle Has Landed: Apollo 11 \u2013 45 Years Later<\/b><span style=\"font-weight: 400;\">, Ausstellungzentrum Pyramide-Berlin;<\/span><\/li>\n<li><b>2016 \u2013<\/b> <b>The Eagle Has Landed: Apollo 11 \u2013 45 Years Later<\/b><span style=\"font-weight: 400;\">, Galeria Wozownia-Toru\u0144, Galeria Kasyno-Podkowa Le\u015bna;<\/span><\/li>\n<li><b>2016 \u2013 Homeless Land<\/b><span style=\"font-weight: 400;\">, Social center, Lublin;<\/span><\/li>\n<li><b>2015<\/b> <b>\u2013 Artist talk<\/b><span style=\"font-weight: 400;\">, Contemporary Art Museum, Kumamoto, Japan;<\/span><\/li>\n<li><b>2015 \u2013 Artist in residence<\/b><span style=\"font-weight: 400;\">, Takamori, Japan ;<\/span><\/li>\n<li><b>2015 \u2013 The Eagle Has Landed: Apollo 11 \u2013 45 Years Later,<\/b><span style=\"font-weight: 400;\"> Galeria Dzia\u0142a\u0144-Warszawa, BWA-Zielona G\u00f3ra,<\/span><\/li>\n<li><b>2014 \u2013 Active Silence<\/b><span style=\"font-weight: 400;\">, Galeria Dzia\u0142a\u0144, Warsaw;<\/span><\/li>\n<li><b>2014<\/b> <b>\u2013 Repetitions<\/b><span style=\"font-weight: 400;\">, Galeria AT, Pozna\u0144;<\/span><\/li>\n<li><b>2012\/2013 \u2013 Out of context, <\/b><span style=\"font-weight: 400;\">Galeria Grafiki, Biblioteka Sztuki, Zielona G\u00f3ra;\u00a0<\/span><\/li>\n<li><b>2012 \u2013<\/b> <b>Grafis,<\/b><span style=\"font-weight: 400;\"> Galeria XXI, Warsaw;\u00a0<\/span><\/li>\n<li><b>2011 \u2013 Repetitions<\/b><span style=\"font-weight: 400;\">, Galeria Dzia\u0142a\u0144, Warsaw ;<\/span><\/li>\n<li><b>2010<\/b> <b>\u2013 2<\/b><b>nd<\/b> <b>Bangkok Triennale International Print and Drawing Exhibition<\/b><span style=\"font-weight: 400;\">, Eastern Center of Art and Culture, Chonburi Province, Thailand;\u00a0<\/span><\/li>\n<li><b>2010 \u2013 International Print Network,<\/b><span style=\"font-weight: 400;\"> Oldenburg ;<\/span><\/li>\n<li><b>2010<\/b> <b>\u2013 Multiple Matters<\/b><span style=\"font-weight: 400;\">, Grafische Konzepte, International Print Network,\u00a0 Kunstlerhaus, Wien\u00a0<\/span><\/li>\n<li><b>2009 \u2013 International Print Triennale in Krak\u00f3w<\/b><span style=\"font-weight: 400;\">, Bunkier Sztuki, Krak\u00f3w ;<\/span><\/li>\n<li><b>2009 \u2013 International Print Triennale, Bitola<\/b><span style=\"font-weight: 400;\">, Macedonia;<\/span><\/li>\n<li><b>2009 \u2013<\/b> <b>Repetitions<\/b><span style=\"font-weight: 400;\">, Galeria Na Pi\u0119trze, Koszalin;\u00a0<\/span><\/li>\n<li><b>2009 \u2013<\/b> <b>2<\/b><b>nd<\/b><b> Bangkok Triennale International Print and Drawing Exhibition<\/b><span style=\"font-weight: 400;\">, Sanamchandra Art Galery, Nakhorn Pathom Province, Thailand;\u00a0<\/span><\/li>\n<li><b>2008 \u2013<\/b> <b>Exercises in space<\/b><span style=\"font-weight: 400;\">, Galeria Wozownia \u2013 Laboratorium Sztuki, Toru\u0144;\u00a0 <\/span><b>\u00a0<\/b><span style=\"font-weight: 400;\">\u00a0<\/span><\/li>\n<li><b>2008 \u2013<\/b> <b>Imprint<\/b><span style=\"font-weight: 400;\"> \u2013 T. Kulisiewicz International Triennial of Graphic Arts in Warsaw;<\/span><\/li>\n<li><b>2007 \u2013 From the Floor to the Ground Floor<\/b><span style=\"font-weight: 400;\">, Galeria na Pi\u0119trze, Koszalin;\u00a0<\/span><\/li>\n<li><b>2007 \u2013<\/b> <b>Body, Sign, Space<\/b><span style=\"font-weight: 400;\">, Galeria Nar\u00f3d Sobie, Pozna\u0144 ;<\/span><\/li>\n<li><b>2006 \u2013 Fragments<\/b><span style=\"font-weight: 400;\">, wystawa grafiki, ASP Pozna\u0144;\u00a0<\/span><\/li>\n<li><b>2005 \u2013 Balance<\/b><span style=\"font-weight: 400;\">, Baltic Centre for Contemporary Art \u2013 Baszta Czarownic, S\u0142upsk;\u00a0<\/span><\/li>\n<li><b>2005 \u2013<\/b> <b>Fluidity<\/b><span style=\"font-weight: 400;\">, Miejsce Sztuki OFFicyna, Szczecin;\u00a0<\/span><\/li>\n<li><b>2005 \u2013 Body drawing <\/b><span style=\"font-weight: 400;\">\u2013 seminar, Faculty of Fine Arts, University of Granada;<\/span><\/li>\n<li><b>2005 \u2013<\/b> <b>I &#8211; not I<\/b><span style=\"font-weight: 400;\">, Otwarta Pracownia Gallery, Krak\u00f3w;\u00a0<\/span><\/li>\n<li><b>2004 \u2013<\/b><span style=\"font-weight: 400;\">\u00a0 <\/span><b>Fermentakcje, \u201cInclinations\u201d<\/b><span style=\"font-weight: 400;\"> \u2013 Contemporary Arts Gallery, Przemy\u015bl ;<\/span><\/li>\n<li><b>2004 \u2013<\/b> <b>Between you and me<\/b><span style=\"font-weight: 400;\">, Galeria na Pi\u0119trze, Koszalin;<\/span><b>\u00a0<\/b><\/li>\n<li><b>2002\/2003<\/b> <b>\u2013 La micro,<\/b><span style=\"font-weight: 400;\"> Galeria LOCAL 77, Paris;\u00a0<\/span><\/li>\n<li><b>2001 \u2013<\/b> <b>Salon of young artists Jeune Cr\u00e9ation,<\/b><span style=\"font-weight: 400;\"> La Villette, Paris;<\/span><\/li>\n<li><span style=\"font-weight: 400;\">\u2013 La micro \u2013 \u201cPliage et depliage\u201d Paris\u00a0<\/span><\/li>\n<li><b>1999 \u2013<\/b> <b>Only figuratively am I<\/b><span style=\"font-weight: 400;\">,<\/span> <span style=\"font-weight: 400;\">HCP space, Pozna\u0144;\u00a0<\/span><\/li>\n<li><b>1998 \u2013 1999<\/b> <b>Exhibition dedicated to the memory of Tadeusz Kulisiewicz,<\/b><span style=\"font-weight: 400;\"> Nidzica;<\/span><\/li>\n<li><b>1998 \u2013<\/b> <b>Biennale ISTRO-ART,<\/b><span style=\"font-weight: 400;\"> MEDIUM Gallery \u2013 Bratislava;<\/span><\/li>\n<\/ul>\n<\/div>[vc_empty_space height=&#8221;60px&#8221;][\/vc_column][\/vc_row]<\/p>\n","protected":false},"excerpt":{"rendered":"<p>[vc_row][vc_column][vc_empty_space height=&#8221;60px&#8221;][\/vc_column][\/vc_row][vc_row][vc_column width=&#8221;4\/5&#8243;][vc_empty_space height=&#8221;60px&#8221;][\/vc_column][\/vc_row]<\/p>\n","protected":false},"author":1,"featured_media":0,"parent":0,"menu_order":6,"comment_status":"closed","ping_status":"closed","template":"","meta":{"footnotes":""},"class_list":["post-7683","page","type-page","status-publish","hentry"],"_links":{"self":[{"href":"https:\/\/agnieszkaroznowska.com\/en\/wp-json\/wp\/v2\/pages\/7683"}],"collection":[{"href":"https:\/\/agnieszkaroznowska.com\/en\/wp-json\/wp\/v2\/pages"}],"about":[{"href":"https:\/\/agnieszkaroznowska.com\/en\/wp-json\/wp\/v2\/types\/page"}],"author":[{"embeddable":true,"href":"https:\/\/agnieszkaroznowska.com\/en\/wp-json\/wp\/v2\/users\/1"}],"replies":[{"embeddable":true,"href":"https:\/\/agnieszkaroznowska.com\/en\/wp-json\/wp\/v2\/comments?post=7683"}],"version-history":[{"count":5,"href":"https:\/\/agnieszkaroznowska.com\/en\/wp-json\/wp\/v2\/pages\/7683\/revisions"}],"predecessor-version":[{"id":7963,"href":"https:\/\/agnieszkaroznowska.com\/en\/wp-json\/wp\/v2\/pages\/7683\/revisions\/7963"}],"wp:attachment":[{"href":"https:\/\/agnieszkaroznowska.com\/en\/wp-json\/wp\/v2\/media?parent=7683"}],"curies":[{"name":"wp","href":"https:\/\/api.w.org\/{rel}","templated":true}]}}